{"id":11,"date":"2023-10-23T07:42:30","date_gmt":"2023-10-23T07:42:30","guid":{"rendered":"https:\/\/krna.burger-dev.de\/?page_id=11"},"modified":"2023-12-12T09:47:04","modified_gmt":"2023-12-12T09:47:04","slug":"ablauf","status":"publish","type":"page","link":"https:\/\/kitzretter-na.de\/index.php\/ablauf\/","title":{"rendered":"Ablauf der Kitz-Rettung"},"content":{"rendered":"\n<p>&nbsp;Viele verantwortungsbewusste Landwirte nehmen unsere Unterst\u00fctzung in Anspruch und informieren uns rechtzeitig, wann und wo gem\u00e4ht werden soll.<\/p>\n\n\n\n<p>Beim terminierten Einsatz der Drohne starten wir am fr\u00fchen Morgen. In diesem Zeitfenster ist die W\u00e4rmebildkamera am effektivsten.<\/p>\n\n\n\n<ul class=\"wp-block-list\">\n<li>Dann sind wir in der Lage, schnell und zielsicher die Rehkitze zu orten.<\/li>\n\n\n\n<li>Im Monitor der W\u00e4rmebildkamera sind Helfer und Kitze deutlich sichtbar. Die Helfer werden mittels Funk direkt zu den Fundstellen gelotst.<\/li>\n\n\n\n<li>Ganz junge Kitze werden am Rand der Wiese unter K\u00f6rben \u2013 am Besten im Schutz von B\u00e4umen oder Str\u00e4uchern \u2013 gesichert.<\/li>\n\n\n\n<li>Nachdem die letzte Landmaschine die Wiesen verlassen hat, werden die Kitze wieder frei gelassen. Dann ziehen wir uns zur\u00fcck, damit die Ricke sich nicht weiter gest\u00f6rt f\u00fchlt und zu ihren Kitzen zur\u00fcck kommen kann.<\/li>\n<\/ul>\n\n\n\n<div style=\"height:100px\" aria-hidden=\"true\" class=\"wp-block-spacer\"><\/div>\n\n\n\n<figure class=\"wp-block-gallery has-nested-images columns-2 is-cropped wp-block-gallery-1 is-layout-flex wp-block-gallery-is-layout-flex\">\n<figure class=\"wp-block-image size-large\"><a href=\"https:\/\/kitzretter-na.de\/wp-content\/uploads\/2023\/11\/KR-NA_@privat_28-scaled.jpeg\"><img loading=\"lazy\" decoding=\"async\" width=\"1024\" height=\"768\" data-id=\"104\" src=\"https:\/\/kitzretter-na.de\/wp-content\/uploads\/2023\/11\/KR-NA_@privat_28-1024x768.jpeg\" alt=\"\" class=\"wp-image-104\" srcset=\"https:\/\/kitzretter-na.de\/wp-content\/uploads\/2023\/11\/KR-NA_@privat_28-1024x768.jpeg 1024w, https:\/\/kitzretter-na.de\/wp-content\/uploads\/2023\/11\/KR-NA_@privat_28-300x225.jpeg 300w, https:\/\/kitzretter-na.de\/wp-content\/uploads\/2023\/11\/KR-NA_@privat_28-768x576.jpeg 768w, https:\/\/kitzretter-na.de\/wp-content\/uploads\/2023\/11\/KR-NA_@privat_28-1536x1152.jpeg 1536w, https:\/\/kitzretter-na.de\/wp-content\/uploads\/2023\/11\/KR-NA_@privat_28-2048x1536.jpeg 2048w\" sizes=\"auto, (max-width: 1024px) 100vw, 1024px\" \/><\/a><\/figure>\n\n\n\n<figure class=\"wp-block-image size-large\"><a href=\"https:\/\/kitzretter-na.de\/wp-content\/uploads\/2023\/11\/Monitor@braeu.jpg\"><img loading=\"lazy\" decoding=\"async\" width=\"1024\" height=\"576\" data-id=\"105\" src=\"https:\/\/kitzretter-na.de\/wp-content\/uploads\/2023\/11\/Monitor@braeu-1024x576.jpg\" alt=\"\" class=\"wp-image-105\" srcset=\"https:\/\/kitzretter-na.de\/wp-content\/uploads\/2023\/11\/Monitor@braeu-1024x576.jpg 1024w, https:\/\/kitzretter-na.de\/wp-content\/uploads\/2023\/11\/Monitor@braeu-300x169.jpg 300w, https:\/\/kitzretter-na.de\/wp-content\/uploads\/2023\/11\/Monitor@braeu-768x432.jpg 768w, https:\/\/kitzretter-na.de\/wp-content\/uploads\/2023\/11\/Monitor@braeu-1536x864.jpg 1536w, https:\/\/kitzretter-na.de\/wp-content\/uploads\/2023\/11\/Monitor@braeu.jpg 1920w\" sizes=\"auto, (max-width: 1024px) 100vw, 1024px\" \/><\/a><\/figure>\n\n\n\n<figure class=\"wp-block-image size-large\"><a href=\"https:\/\/kitzretter-na.de\/wp-content\/uploads\/2023\/11\/KR-NA_@privat_2.jpeg\"><img loading=\"lazy\" decoding=\"async\" width=\"1024\" height=\"668\" data-id=\"106\" src=\"https:\/\/kitzretter-na.de\/wp-content\/uploads\/2023\/11\/KR-NA_@privat_2-1024x668.jpeg\" alt=\"\" class=\"wp-image-106\" srcset=\"https:\/\/kitzretter-na.de\/wp-content\/uploads\/2023\/11\/KR-NA_@privat_2-1024x668.jpeg 1024w, https:\/\/kitzretter-na.de\/wp-content\/uploads\/2023\/11\/KR-NA_@privat_2-300x196.jpeg 300w, https:\/\/kitzretter-na.de\/wp-content\/uploads\/2023\/11\/KR-NA_@privat_2-768x501.jpeg 768w, https:\/\/kitzretter-na.de\/wp-content\/uploads\/2023\/11\/KR-NA_@privat_2.jpeg 1284w\" sizes=\"auto, (max-width: 1024px) 100vw, 1024px\" \/><\/a><\/figure>\n\n\n\n<figure class=\"wp-block-image size-large\"><a href=\"https:\/\/kitzretter-na.de\/wp-content\/uploads\/2023\/11\/KR-NA_@privat_74-scaled.jpeg\"><img loading=\"lazy\" decoding=\"async\" width=\"1024\" height=\"768\" data-id=\"103\" src=\"https:\/\/kitzretter-na.de\/wp-content\/uploads\/2023\/11\/KR-NA_@privat_74-1024x768.jpeg\" alt=\"\" class=\"wp-image-103\" srcset=\"https:\/\/kitzretter-na.de\/wp-content\/uploads\/2023\/11\/KR-NA_@privat_74-1024x768.jpeg 1024w, https:\/\/kitzretter-na.de\/wp-content\/uploads\/2023\/11\/KR-NA_@privat_74-300x225.jpeg 300w, https:\/\/kitzretter-na.de\/wp-content\/uploads\/2023\/11\/KR-NA_@privat_74-768x576.jpeg 768w, https:\/\/kitzretter-na.de\/wp-content\/uploads\/2023\/11\/KR-NA_@privat_74-1536x1152.jpeg 1536w, https:\/\/kitzretter-na.de\/wp-content\/uploads\/2023\/11\/KR-NA_@privat_74-2048x1536.jpeg 2048w\" sizes=\"auto, (max-width: 1024px) 100vw, 1024px\" \/><\/a><\/figure>\n<\/figure>\n","protected":false},"excerpt":{"rendered":"<p>&nbsp;Viele verantwortungsbewusste Landwirte nehmen unsere Unterst\u00fctzung in Anspruch und informieren uns rechtzeitig, wann und wo gem\u00e4ht werden soll. Beim terminierten Einsatz der Drohne starten wir am fr\u00fchen Morgen. In diesem Zeitfenster ist die W\u00e4rmebildkamera am effektivsten.<\/p>\n","protected":false},"author":1,"featured_media":103,"parent":0,"menu_order":0,"comment_status":"closed","ping_status":"closed","template":"","meta":{"footnotes":""},"class_list":["post-11","page","type-page","status-publish","has-post-thumbnail","hentry"],"_links":{"self":[{"href":"https:\/\/kitzretter-na.de\/index.php\/wp-json\/wp\/v2\/pages\/11","targetHints":{"allow":["GET"]}}],"collection":[{"href":"https:\/\/kitzretter-na.de\/index.php\/wp-json\/wp\/v2\/pages"}],"about":[{"href":"https:\/\/kitzretter-na.de\/index.php\/wp-json\/wp\/v2\/types\/page"}],"author":[{"embeddable":true,"href":"https:\/\/kitzretter-na.de\/index.php\/wp-json\/wp\/v2\/users\/1"}],"replies":[{"embeddable":true,"href":"https:\/\/kitzretter-na.de\/index.php\/wp-json\/wp\/v2\/comments?post=11"}],"version-history":[{"count":5,"href":"https:\/\/kitzretter-na.de\/index.php\/wp-json\/wp\/v2\/pages\/11\/revisions"}],"predecessor-version":[{"id":108,"href":"https:\/\/kitzretter-na.de\/index.php\/wp-json\/wp\/v2\/pages\/11\/revisions\/108"}],"wp:featuredmedia":[{"embeddable":true,"href":"https:\/\/kitzretter-na.de\/index.php\/wp-json\/wp\/v2\/media\/103"}],"wp:attachment":[{"href":"https:\/\/kitzretter-na.de\/index.php\/wp-json\/wp\/v2\/media?parent=11"}],"curies":[{"name":"wp","href":"https:\/\/api.w.org\/{rel}","templated":true}]}}