{"id":15,"date":"2023-10-23T07:42:51","date_gmt":"2023-10-23T07:42:51","guid":{"rendered":"https:\/\/krna.burger-dev.de\/?page_id=15"},"modified":"2023-12-12T09:50:01","modified_gmt":"2023-12-12T09:50:01","slug":"unterstuetzen","status":"publish","type":"page","link":"https:\/\/kitzretter-na.de\/index.php\/unterstuetzen\/","title":{"rendered":"Unterst\u00fctzen"},"content":{"rendered":"\n<h2 class=\"wp-block-heading\">Technik hat ihren Preis<\/h2>\n\n\n\n<p>Drohnen leisten wichtige Aufkl\u00e4rungsarbeit, indem sie \u00fcber hochaufl\u00f6sende W\u00e4rmebildtechnik verf\u00fcgen. Dadurch k\u00f6nnen Rehkitze und kleine Gelege wie Boden- und Wiesenbr\u00fcter erkannt werden. Mithilfe der Infrarot-Technik lassen sich Jungtiere auf gro\u00dfen Fl\u00e4chen lokalisieren.<\/p>\n\n\n\n<p>Die Technik hat aber ihren Preis. F\u00fcr 7.000 \u20ac ist eine gute Drohne mit geeigneter W\u00e4rmebildkamera inklusive Ersatz-Akku und Zusatz-Equipment zu bekommen.<\/p>\n\n\n\n<p>Die Kosten f\u00fcr eine Versicherung belaufen sich zus\u00e4tzlich auf rund 250 \u20ac pro Jahr. Unser Verein hat sich zum Ziel gesetzt, in seinem Einsatzgebiet zwischen Neckar und Alb mit Schwerpunkt Landkreis Reutlingen eigene Drohnen mit W\u00e4rmbildkameras anzuschaffen.<\/p>\n\n\n\n<div style=\"height:100px\" aria-hidden=\"true\" class=\"wp-block-spacer\"><\/div>\n\n\n\n<h2 class=\"wp-block-heading\">Du willst uns helfen<\/h2>\n\n\n\n<p>Um unsere Drohnen und das Equipment zu finanzieren, sind wir f\u00fcr jede Spende dankbar. Wir sind als gemeinn\u00fctziger Verein anerkannt und stellen Dir auf Wunsch selbstverst\u00e4ndlich eine Spendenquittung aus.<\/p>\n\n\n\n<p>Mit Deiner Unterst\u00fctzung wird es uns gelingen, eine Vielzahl von Kitz-Leben zu retten! Hier kannst Du spenden:<\/p>\n\n\n\n<div class=\"wp-block-columns is-layout-flex wp-container-core-columns-is-layout-9d6595d7 wp-block-columns-is-layout-flex\">\n<div class=\"wp-block-column is-layout-flow wp-block-column-is-layout-flow\">\n<p><strong>PayPal<\/strong><br>spende@kitzretter-na.de<br>Stichwort: Kitzretter Neckar-Alb<\/p>\n<\/div>\n\n\n\n<div class=\"wp-block-column is-layout-flow wp-block-column-is-layout-flow\">\n<p><strong>Bankverbindung<\/strong><br>Kreissparkasse Reutlingen<br>IBAN: DE 78 6405 0000 0100 1556 59<br>Verwendungszweck:<br>Kitzretter Neckar-Alb<\/p>\n<\/div>\n<\/div>\n\n\n\n<p><\/p>\n\n\n\n<p><\/p>\n","protected":false},"excerpt":{"rendered":"<p>Technik hat ihren Preis Drohnen leisten wichtige Aufkl\u00e4rungsarbeit, indem sie \u00fcber hochaufl\u00f6sende W\u00e4rmebildtechnik verf\u00fcgen. Dadurch k\u00f6nnen Rehkitze und kleine Gelege wie Boden- und Wiesenbr\u00fcter erkannt werden. Mithilfe der Infrarot-Technik lassen sich Jungtiere auf gro\u00dfen Fl\u00e4chen lokalisieren. Die Technik hat aber ihren Preis. F\u00fcr 7.000 \u20ac ist eine gute Drohne mit geeigneter W\u00e4rmebildkamera inklusive Ersatz-Akku und [&hellip;]<\/p>\n","protected":false},"author":1,"featured_media":128,"parent":0,"menu_order":0,"comment_status":"closed","ping_status":"closed","template":"","meta":{"footnotes":""},"class_list":["post-15","page","type-page","status-publish","has-post-thumbnail","hentry"],"_links":{"self":[{"href":"https:\/\/kitzretter-na.de\/index.php\/wp-json\/wp\/v2\/pages\/15","targetHints":{"allow":["GET"]}}],"collection":[{"href":"https:\/\/kitzretter-na.de\/index.php\/wp-json\/wp\/v2\/pages"}],"about":[{"href":"https:\/\/kitzretter-na.de\/index.php\/wp-json\/wp\/v2\/types\/page"}],"author":[{"embeddable":true,"href":"https:\/\/kitzretter-na.de\/index.php\/wp-json\/wp\/v2\/users\/1"}],"replies":[{"embeddable":true,"href":"https:\/\/kitzretter-na.de\/index.php\/wp-json\/wp\/v2\/comments?post=15"}],"version-history":[{"count":4,"href":"https:\/\/kitzretter-na.de\/index.php\/wp-json\/wp\/v2\/pages\/15\/revisions"}],"predecessor-version":[{"id":100,"href":"https:\/\/kitzretter-na.de\/index.php\/wp-json\/wp\/v2\/pages\/15\/revisions\/100"}],"wp:featuredmedia":[{"embeddable":true,"href":"https:\/\/kitzretter-na.de\/index.php\/wp-json\/wp\/v2\/media\/128"}],"wp:attachment":[{"href":"https:\/\/kitzretter-na.de\/index.php\/wp-json\/wp\/v2\/media?parent=15"}],"curies":[{"name":"wp","href":"https:\/\/api.w.org\/{rel}","templated":true}]}}